{"id":16,"date":"2021-07-14T10:43:38","date_gmt":"2021-07-14T13:43:38","guid":{"rendered":"https:\/\/productora.purocontenido.com.ar\/?page_id=16"},"modified":"2026-03-17T10:53:24","modified_gmt":"2026-03-17T13:53:24","slug":"inicio","status":"publish","type":"page","link":"https:\/\/productora.purocontenido.com.ar\/","title":{"rendered":"Una productora con historia detr\u00e1s."},"content":{"rendered":"\n<p><\/p>\n\n\n\n<p><\/p>\n\n\n\n<p><\/p>\n\n\n\n<div class=\"wp-block-group is-layout-grid wp-container-core-group-is-layout-9649a0d9 wp-block-group-is-layout-grid\">\n<p class=\"wp-container-content-69bc4bdf\"><strong><mark style=\"background-color:rgba(0, 0, 0, 0)\" class=\"has-inline-color has-nv-c-1-color\">Cont\u00e1nos qu\u00e9 necesit\u00e1s.<\/mark><\/strong><\/p>\n\n\n\n<p><mark style=\"background-color:rgba(0, 0, 0, 0)\" class=\"has-inline-color has-neve-text-color-color\">Estamos especializados en contenidos<strong> <\/strong>para medios, marcas y organizaciones.<\/mark><\/p>\n\n\n\n<p>En todos los formatos, con exigencia editorial y con rigor period\u00edstico.<\/p>\n\n\n\n<p>Analizamos el proyecto, proponemos un enfoque y nos ponemos de acuerdo. <\/p>\n\n\n\n<p class=\"wp-container-content-69bc4bdf\"><strong><mark style=\"background-color:rgba(0, 0, 0, 0)\" class=\"has-inline-color has-nv-c-1-color\">Sin moldes, sin f\u00f3rmulas.<\/mark><\/strong><\/p>\n<\/div>\n\n\n\n<p><\/p>\n\n\n<div class=\"wp-block-image\">\n<figure class=\"aligncenter size-full\"><img loading=\"lazy\" decoding=\"async\" width=\"721\" height=\"74\" src=\"https:\/\/productora.purocontenido.com.ar\/wp-content\/uploads\/2026\/03\/lapiz-para-web-produ-acostadoangosto-nuevo.jpg\" alt=\"\" class=\"wp-image-561\" srcset=\"https:\/\/productora.purocontenido.com.ar\/wp-content\/uploads\/2026\/03\/lapiz-para-web-produ-acostadoangosto-nuevo.jpg 721w, https:\/\/productora.purocontenido.com.ar\/wp-content\/uploads\/2026\/03\/lapiz-para-web-produ-acostadoangosto-nuevo-300x31.jpg 300w\" sizes=\"auto, (max-width: 721px) 100vw, 721px\" \/><\/figure>\n<\/div>\n\n\n<h3 class=\"wp-block-heading has-text-align-center\"><strong><mark style=\"background-color:var(--nv-secondary-accent)\" class=\"has-inline-color\">Una productora con historia detr\u00e1s.<\/mark><\/strong><\/h3>\n\n\n\n<p><\/p>\n\n\n<div class=\"wp-block-image\">\n<figure class=\"aligncenter size-full\"><img loading=\"lazy\" decoding=\"async\" width=\"864\" height=\"864\" src=\"https:\/\/productora.purocontenido.com.ar\/wp-content\/uploads\/2026\/03\/Animacion-Productora-2.gif\" alt=\"\" class=\"wp-image-585\"\/><\/figure>\n<\/div>\n\n<div class=\"is-default-size aligncenter wp-block-site-logo\"><a href=\"https:\/\/productora.purocontenido.com.ar\/\" class=\"custom-logo-link\" rel=\"home\"><img loading=\"lazy\" decoding=\"async\" width=\"480\" height=\"175\" src=\"https:\/\/productora.purocontenido.com.ar\/wp-content\/uploads\/2021\/07\/cropped-logopcp480.jpg\" class=\"custom-logo\" alt=\"\" srcset=\"https:\/\/productora.purocontenido.com.ar\/wp-content\/uploads\/2021\/07\/cropped-logopcp480.jpg 480w, https:\/\/productora.purocontenido.com.ar\/wp-content\/uploads\/2021\/07\/cropped-logopcp480-300x109.jpg 300w\" sizes=\"auto, (max-width: 480px) 100vw, 480px\" \/><\/a><\/div>","protected":false},"excerpt":{"rendered":"<p>Cont\u00e1nos qu\u00e9 necesit\u00e1s. Estamos especializados en contenidos para medios, marcas y organizaciones. En todos los formatos, con exigencia editorial y con rigor period\u00edstico. Analizamos el proyecto, proponemos un enfoque y nos ponemos de acuerdo. Sin moldes, sin f\u00f3rmulas. Una productora con historia detr\u00e1s.<\/p>\n","protected":false},"author":1,"featured_media":0,"parent":0,"menu_order":0,"comment_status":"closed","ping_status":"closed","template":"","meta":{"neve_meta_sidebar":"","neve_meta_container":"","neve_meta_enable_content_width":"on","neve_meta_content_width":100,"neve_meta_title_alignment":"","neve_meta_author_avatar":"","neve_post_elements_order":"","neve_meta_disable_header":"","neve_meta_disable_footer":"","neve_meta_disable_title":"on","footnotes":""},"class_list":["post-16","page","type-page","status-publish","hentry"],"_links":{"self":[{"href":"https:\/\/productora.purocontenido.com.ar\/index.php?rest_route=\/wp\/v2\/pages\/16","targetHints":{"allow":["GET"]}}],"collection":[{"href":"https:\/\/productora.purocontenido.com.ar\/index.php?rest_route=\/wp\/v2\/pages"}],"about":[{"href":"https:\/\/productora.purocontenido.com.ar\/index.php?rest_route=\/wp\/v2\/types\/page"}],"author":[{"embeddable":true,"href":"https:\/\/productora.purocontenido.com.ar\/index.php?rest_route=\/wp\/v2\/users\/1"}],"replies":[{"embeddable":true,"href":"https:\/\/productora.purocontenido.com.ar\/index.php?rest_route=%2Fwp%2Fv2%2Fcomments&post=16"}],"version-history":[{"count":103,"href":"https:\/\/productora.purocontenido.com.ar\/index.php?rest_route=\/wp\/v2\/pages\/16\/revisions"}],"predecessor-version":[{"id":589,"href":"https:\/\/productora.purocontenido.com.ar\/index.php?rest_route=\/wp\/v2\/pages\/16\/revisions\/589"}],"wp:attachment":[{"href":"https:\/\/productora.purocontenido.com.ar\/index.php?rest_route=%2Fwp%2Fv2%2Fmedia&parent=16"}],"curies":[{"name":"wp","href":"https:\/\/api.w.org\/{rel}","templated":true}]}}